{"id":99,"date":"2021-07-01T21:45:47","date_gmt":"2021-07-01T21:45:47","guid":{"rendered":"https:\/\/cantoni.faculty.polimi.it\/?page_id=99"},"modified":"2024-11-11T13:32:52","modified_gmt":"2024-11-11T13:32:52","slug":"more","status":"publish","type":"page","link":"https:\/\/cantoni.faculty.polimi.it\/?page_id=99","title":{"rendered":"More&#8230;"},"content":{"rendered":"\n<p class=\"has-text-align-center has-black-color has-text-color\"><em><strong>Sulla fisica &#8230;<\/strong><\/em><\/p>\n\n\n\n<p id=\"aui_3_4_0_1_2155\">&#8220;Possiamo immaginare che questo complicato apparato di cose in movimento che noi chiamiamo &#8220;mondo&#8221; sia simile a una partita a scacchi giocata dagli dei, di cui noi siamo spettatori. Non conosciamo le regole del gioco; tutto ci\u00f2 che ci \u00e8 permesso \u00e8 guardare la partita. Naturalmente, se guardiamo abbastanza a lungo, alla fine afferreremo alcune regole di base. Le regole del gioco sono ci\u00f2 che chiamiamo fisica fondamentale.&#8221;<\/p>\n\n\n\n<p class=\"has-text-align-right\"><em>R. P. Feynman,&nbsp;Sei Pezzi Facili<\/em><\/p>\n\n\n\n<p>\u00abUn famoso scienziato tenne una volta una conferenza pubblica su un argomento di astronomia. Egli parl\u00f2 di come la Terra orbiti attorno al Sole e di come il Sole, a sua volta, compia un&#8217;ampia rivoluzione attorno al centro di un immenso aggregato di stelle noto come la nostra galassia. Al termine della conferenza, una piccola vecchia signora in fondo alla sala si alz\u00f2 in piedi e disse: &#8220;Quel che lei ha raccontato sono tutte frottole. Il mondo, in realt\u00e0, \u00e8 un disco piatto che poggia sul dorso di una gigantesca tartaruga.&#8221; Lo scienziato si lasci\u00f2 sfuggire un sorriso di superiorit\u00e0 prima di rispondere: &#8220;E su cosa poggia la tartaruga?&#8221; &#8220;Lei \u00e8 molto intelligente, giovanotto&#8221; disse la vecchia signora. &#8220;Ma ogni tartaruga poggia su un&#8217;altra tartaruga!&#8221;\u00bb<\/p>\n\n\n\n<p class=\"has-text-align-right\"><em>Stephen Hawking,&nbsp;Dal big bang ai buchi neri<\/em><\/p>\n\n\n\n<p><em>&#8220;<\/em>&#8216;Ma il sistema solare!&#8217;, protestai. \u2018Che diamine me ne importa?&#8217;, mi interruppe spazientito. \u2018Lei dice che giriamo intorno al sole. Anche se girassimo intorno alla luna non farebbe un soldo di differenza per me o per il mio lavoro.'&#8221;<\/p>\n\n\n\n<p class=\"has-text-align-right\"><em>A.&nbsp;C.&nbsp;Doyle,&nbsp;Uno studio in rosso<\/em><\/p>\n\n\n\n<p>&#8220;- \u2026 io debbo ripetere il mio solito ritornello: Maledetto sia Copernico!&nbsp; &#8211; Oh oh oh, che c&#8217;entra Copernico! \u2013 esclama don Eligio, levandosi su la vita, col volto infocato sotto il cappellaccio di paglia.&nbsp; &#8211; C&#8217;entra, don Eligio. Perch\u00e9 quando la Terra non girava \u2026 &#8211; E dalli! Ma se ha sempre girato!&nbsp; &#8211; Non \u00e8 vero. L&#8217;uomo non lo sapeva, e dunque era come se non girasse. Per tanti, anche adesso, non gira. L&#8217;ho detto l&#8217;altro giorno ad un contadino, e sapete come m&#8217;ha risposto? ch&#8217;era una buona scusa per gli ubriachi. [&#8230;] Siamo o non siamo su un&#8217;invisibile trottolina, cui fa da ferza un fil di Sole, su un granellino di sabbia impazzito che gira e gira e gira, senza saper perch\u00e9, senza pervenir mai a destino? [&#8230;]&nbsp;&nbsp; Copernico, Copernico, don Eligio mio, ha rovinato l&#8217;umanit\u00e0, irrimediabilmente. Ormai noi tutti ci siamo a poco a poco adattati alla nuova concezione dell&#8217;infinita nostra piccolezza, a considerarci anzi men che niente nell&#8217;Universo, con tutte le nostre belle scoperte ed invenzioni \u2026&#8221;<\/p>\n\n\n\n<p class=\"has-text-align-right\"><em>Luigi Pirandello,&nbsp;Il fu Mattia Pascal<\/em><\/p>\n\n\n\n<p class=\"has-text-align-center\"> &#8230; <strong><em>e oltre &#8230;<\/em><\/strong><\/p>\n\n\n\n<p class=\"has-black-color has-text-color\">&#8220;Resto convinto che per chi \u00e8 dentro la classe, ha dieci anni e vuole studiare, ricevere un razzo in testa significhi restare vittima&nbsp;di un atto di terrorismo, chiunque ne sia l\u2019artefice.&#8221;<\/p>\n\n\n\n<p class=\"has-text-align-right has-black-color has-text-color\"><em>Gino Strada<\/em><\/p>\n\n\n\n<p>&#8220;Due cose sono infinite: l&#8217;universo e la stupidit\u00e0 umana, ma riguardo l&#8217;universo ho ancora dei dubbi.&#8221;<\/p>\n\n\n\n<p class=\"has-text-align-right\"><em>Albert Einstein<\/em><\/p>\n\n\n\n<p>Contro la pseudoscienza e le fake news: <a rel=\"noreferrer noopener\" href=\"https:\/\/www.cicap.org\/n\/articolo.php?id=101754\" target=\"_blank\">La scienza e il culto dei cargo<\/a>&nbsp;di R. Feynman<\/p>\n","protected":false},"excerpt":{"rendered":"<p>Sulla fisica &#8230; &#8220;Possiamo immaginare che questo complicato apparato di cose in movimento che noi chiamiamo &#8220;mondo&#8221; sia simile a una partita a scacchi giocata dagli dei, di cui noi siamo spettatori. Non conosciamo le regole del gioco; tutto ci\u00f2 che ci \u00e8 permesso \u00e8 guardare la partita. Naturalmente, se guardiamo abbastanza a lungo, alla [&hellip;]<\/p>\n","protected":false},"author":3,"featured_media":512,"parent":0,"menu_order":0,"comment_status":"closed","ping_status":"closed","template":"","meta":{"footnotes":""},"class_list":["post-99","page","type-page","status-publish","has-post-thumbnail","hentry"],"_links":{"self":[{"href":"https:\/\/cantoni.faculty.polimi.it\/index.php?rest_route=\/wp\/v2\/pages\/99","targetHints":{"allow":["GET"]}}],"collection":[{"href":"https:\/\/cantoni.faculty.polimi.it\/index.php?rest_route=\/wp\/v2\/pages"}],"about":[{"href":"https:\/\/cantoni.faculty.polimi.it\/index.php?rest_route=\/wp\/v2\/types\/page"}],"author":[{"embeddable":true,"href":"https:\/\/cantoni.faculty.polimi.it\/index.php?rest_route=\/wp\/v2\/users\/3"}],"replies":[{"embeddable":true,"href":"https:\/\/cantoni.faculty.polimi.it\/index.php?rest_route=%2Fwp%2Fv2%2Fcomments&post=99"}],"version-history":[{"count":16,"href":"https:\/\/cantoni.faculty.polimi.it\/index.php?rest_route=\/wp\/v2\/pages\/99\/revisions"}],"predecessor-version":[{"id":435,"href":"https:\/\/cantoni.faculty.polimi.it\/index.php?rest_route=\/wp\/v2\/pages\/99\/revisions\/435"}],"wp:featuredmedia":[{"embeddable":true,"href":"https:\/\/cantoni.faculty.polimi.it\/index.php?rest_route=\/wp\/v2\/media\/512"}],"wp:attachment":[{"href":"https:\/\/cantoni.faculty.polimi.it\/index.php?rest_route=%2Fwp%2Fv2%2Fmedia&parent=99"}],"curies":[{"name":"wp","href":"https:\/\/api.w.org\/{rel}","templated":true}]}}